{"id":10394,"date":"2024-06-04T16:15:55","date_gmt":"2024-06-04T16:15:55","guid":{"rendered":"https:\/\/www.jwproductions.tv\/?page_id=10394"},"modified":"2024-06-04T16:39:55","modified_gmt":"2024-06-04T16:39:55","slug":"politica-de-privacitat","status":"publish","type":"page","link":"https:\/\/www.jwproductions.tv\/ca\/politica-de-privacitat\/","title":{"rendered":"Pol\u00edtica de Privacitat"},"content":{"rendered":"\n<p>JW Productions respecta i protegeix la privadesa de les dades personals dels seus usuaris i de tercers que accedeixen a la nostra p\u00e0gina web. Per nosaltres garantir la seguretat i confidencialitat de les seves dades \u00e9s una prioritat, volem que estigui informat de tots aquells aspectes que li puguin afectar: \u200b\u200bSI US PLAU llegiu aquesta pol\u00edtica de privadesa abans de visitar la nostra p\u00e0gina, i davant de qualsevol dubte ens trobareu a info@jwproductions .tv<\/p>\n\n\n\n<p><strong>Informaci\u00f3 b\u00e0sica sobre el tractament de les vostres dades<\/strong><\/p>\n\n\n\n<p>A continuaci\u00f3, us detallem en una primera fase els aspectes b\u00e0sics relatius al tractament de dades personals:<\/p>\n\n\n\n<p><strong>Responsable del tractament JW Productions<br><\/strong>Gran Via de les Corts Catalanes 690, Principal 1a<br>08010 Barcelona<br>CIF B64065717<\/p>\n\n\n\n<p><strong>Finalitats principals del tractament<\/strong><\/p>\n\n\n\n<p>-Oferir informaci\u00f3 dels nostres productes i serveis.<br>-Atendre consultes.<\/p>\n\n\n\n<p><strong>Bases Legitimadores del tractament<\/strong><\/p>\n\n\n\n<p>-Execuci\u00f3 del contracte de prestaci\u00f3 de serveis.<br>-Consentiment expr\u00e9s.-Inter\u00e8s leg\u00edtim.<\/p>\n\n\n\n<p><strong>Destinataris principals<\/strong><\/p>\n\n\n\n<p>\u2013 jwproductions.tv usuaris finals i empreses auxiliars per a la prestaci\u00f3 dels serveis descrits.<\/p>\n\n\n\n<p><strong>Drets<\/strong><\/p>\n\n\n\n<p>-Acc\u00e9s, rectificaci\u00f3, cancel\u00b7laci\u00f3, oposici\u00f3 i portabilitat.<br>-Revocaci\u00f3 del consentiment prestat.<\/p>\n\n\n\n<p><strong>Proced\u00e8ncia<\/strong><\/p>\n\n\n\n<p>-Facilitats pel seu titular.<br>-Facilitats per la seva navegaci\u00f3 a la nostra plataforma (internet).<\/p>\n\n\n\n<p><strong>Transfer\u00e8ncies Internacionals de Dades<\/strong><\/p>\n\n\n\n<p>-No previstes<\/p>\n\n\n\n<p><strong>Delegat protecci\u00f3 de Dades<\/strong><\/p>\n\n\n\n<p>-No escau<\/p>\n\n\n\n<p><strong>Ampliaci\u00f3 d&#8217;informaci\u00f3 b\u00e0sica del responsable del tractament<\/strong><\/p>\n\n\n\n<p>JW Productions est\u00e0 domiciliada a Gran Via de les Corts Catalanes 690, Principal 1a 08010 Barcelona. Per a qualsevol comentari i\/o incid\u00e8ncia relativa a aquesta pol\u00edtica de privadesa podeu contactar amb la nostra empresa mitjan\u00e7ant mail dirigit al correu info@jwproductions.tv en horari d&#8217;atenci\u00f3 al p\u00fablic.<\/p>\n\n\n\n<p><strong>Categories de dades que tractem<\/strong><\/p>\n\n\n\n<p>Per tant, quan vost\u00e8 es registri a blunion.com li demanarem i recollir \u00fanicament aquelles dades que siguin necess\u00e0ries per atendre les finalitats de tractament i que s\u00f3n:<\/p>\n\n\n\n<p>Dades didentificaci\u00f3: Nom i cognoms, tel\u00e8fon, adre\u00e7a de correu electr\u00f2nic, i aquells que en cada cas concret siguin necessaris per a la prestaci\u00f3 dels serveis.<\/p>\n\n\n\n<p><strong>Amb quins fins tractem les vostres dades?<\/strong><\/p>\n\n\n\n<p>JW Productions tracta les dades facilitades per garantir la correcta gesti\u00f3 dels serveis proporcionats a trav\u00e9s de la nostra web jwproductions.tv<\/p>\n\n\n\n<p>Tamb\u00e9 volem mantenir-lo informat en tot moment dels nostres productes i serveis, sempre que vost\u00e8 ens autoritzi per fer-ho. Us informem que sempre podreu retirar-nos el consentiment prestat, contactant amb nosaltres a&nbsp;info@jwproductions.tv<\/p>\n\n\n\n<p><strong>Bases legitimadores per al tractament de les vostres dades<\/strong><\/p>\n\n\n\n<p>Per a l&#8217;alta i el registre de l&#8217;usuari a la plataforma de JW Productions la base legitimadora \u00e9s el consentiment de l&#8217;interessat que se sol\u00b7licita en cada cas. Per a la remissi\u00f3 d&#8217;informaci\u00f3 de car\u00e0cter comercial i\/o promocional dels nostres serveis o empreses afins, la base legitimadora \u00e9s l&#8217;inter\u00e8s leg\u00edtim de l&#8217;empresa per dur a terme aquests tractaments d&#8217;acord amb la normativa vigent.<\/p>\n\n\n\n<p><strong>Destinataris de les dades<\/strong><\/p>\n\n\n\n<p>JW Productions no comunica ni cedeix les dades a tercers excepte a empreses auxiliars per a la prestaci\u00f3 dels serveis descrits.<\/p>\n\n\n\n<p><strong>Termini de conservaci\u00f3 de les dades<\/strong><\/p>\n\n\n\n<p>JW Productions us informa que les vostres dades personals seran conservades durant el temps estrictament necessari per a les finalitats del tractament per a l&#8217;\u00fas de les quals hagin estat proporcionades, sempre que l&#8217;Usuari no hagi revocat el seu consentiment i, en tot cas, seguint com a criteri el principi de minimitzaci\u00f3 de dades contemplades a la normativa aplicable.<\/p>\n\n\n\n<p>En conseq\u00fc\u00e8ncia, quan el seu \u00fas no sigui necessari, les dades personals seran bloquejades quedant nom\u00e9s a disposici\u00f3 de les autoritats competents durant el temps i als efectes legals establerts a la normativa aplicable. Transcorregut aquest termini es procedir\u00e0 a eliminar-los.<\/p>\n\n\n\n<p><strong>Drets que us assisteixen<\/strong><\/p>\n\n\n\n<p>Per a l&#8217;exercici dels vostres drets heu d&#8217;adre\u00e7ar-vos al responsable del Tractament segons dades punt 1. Es tracta d&#8217;un procediment gratu\u00eft i ha d&#8217;anar acompanyat sempre de document acreditatiu de la vostra identitat.<\/p>\n\n\n\n<p><strong>Quines mesures de seguretat implantem per cuidar les vostres dades?<\/strong><\/p>\n\n\n\n<p>JW Productions tractar\u00e0 les dades en tot moment de forma absolutament confidencial i guardar\u00e0 el preceptiu deure de secret respecte d&#8217;aquestes, de conformitat amb el que preveu la normativa aplicable, adoptant a aquest efecte les mesures d&#8217;\u00edndole t\u00e8cnica i organitzatives necess\u00e0ries que garanteixin la seguretat de les seves dades i evitin la seva alteraci\u00f3, p\u00e8rdua, tractament o acc\u00e9s no autoritzat, tenint en compte l&#8217;estat de la tecnologia, la naturalesa de les dades emmagatzemades i els riscos a qu\u00e8 estan exposats.<\/p>\n\n\n\n<p>En particular, adoptar\u00e0 les pertinents i obligat\u00f2ries mesures establertes a la normativa de Protecci\u00f3 de Dades de car\u00e0cter personal, en particular:<\/p>\n\n\n\n<ul class=\"wp-block-list\">\n<li>Funcions i obligacions de personal<\/li>\n\n\n\n<li>Registre d&#8217;esdeveniments<\/li>\n\n\n\n<li>Gesti\u00f3 de suports i documents<\/li>\n\n\n\n<li>Control d&#8217;acc\u00e9s<\/li>\n\n\n\n<li>Identificaci\u00f3 i autenticaci\u00f3<\/li>\n\n\n\n<li>C\u00f2pia de seguretat i recuperaci\u00f3<\/li>\n<\/ul>\n\n\n\n<p><br>Tot i aix\u00f2, en altres casos, JW Productions adoptar\u00e0 les mesures necess\u00e0ries i obligat\u00f2ries d&#8217;acord amb les normatives locals.<\/p>\n\n\n\n<p>La documentaci\u00f3 estar\u00e0 disponible a petici\u00f3 de l&#8217;usuari o client.<\/p>\n\n\n\n<p><strong>Canvis en la pol\u00edtica de privadesa<\/strong><\/p>\n\n\n\n<p>JW Productions es reserva el dret a modificar aquesta pol\u00edtica de privadesa per tal d&#8217;adaptar-la a les novetats legislatives que siguin procedents. En aquests sup\u00f2sits, anunciar\u00e0 al Lloc Web els canvis introdu\u00efts amb una antelaci\u00f3 raonable a la de la posada en pr\u00e0ctica.<\/p>\n\n\n\n<p>Darrera actualitzaci\u00f3: 20 de febrer de 2023<\/p>\n\n\n\n<p>\u00a9 2023 JW Productions Tots els drets reservats<\/p>\n","protected":false},"excerpt":{"rendered":"<p>JW Productions respecta i protegeix la privadesa de les dades personals dels seus usuaris i de tercers que accedeixen a la nostra p\u00e0gina web. Per nosaltres garantir la seguretat i confidencialitat de les seves dades \u00e9s una prioritat, volem que estigui informat de tots aquells aspectes que li puguin afectar: \u200b\u200bSI US PLAU llegiu aquesta [&hellip;]<\/p>\n","protected":false},"author":1,"featured_media":0,"parent":0,"menu_order":0,"comment_status":"closed","ping_status":"closed","template":"","meta":{"footnotes":""},"class_list":["post-10394","page","type-page","status-publish","hentry"],"_links":{"self":[{"href":"https:\/\/www.jwproductions.tv\/ca\/wp-json\/wp\/v2\/pages\/10394","targetHints":{"allow":["GET"]}}],"collection":[{"href":"https:\/\/www.jwproductions.tv\/ca\/wp-json\/wp\/v2\/pages"}],"about":[{"href":"https:\/\/www.jwproductions.tv\/ca\/wp-json\/wp\/v2\/types\/page"}],"author":[{"embeddable":true,"href":"https:\/\/www.jwproductions.tv\/ca\/wp-json\/wp\/v2\/users\/1"}],"replies":[{"embeddable":true,"href":"https:\/\/www.jwproductions.tv\/ca\/wp-json\/wp\/v2\/comments?post=10394"}],"version-history":[{"count":0,"href":"https:\/\/www.jwproductions.tv\/ca\/wp-json\/wp\/v2\/pages\/10394\/revisions"}],"wp:attachment":[{"href":"https:\/\/www.jwproductions.tv\/ca\/wp-json\/wp\/v2\/media?parent=10394"}],"curies":[{"name":"wp","href":"https:\/\/api.w.org\/{rel}","templated":true}]}}