{"id":10605,"date":"2024-05-06T20:13:46","date_gmt":"2024-05-06T20:13:46","guid":{"rendered":"https:\/\/www.jwproductions.tv\/projects\/"},"modified":"2025-11-14T16:23:20","modified_gmt":"2025-11-14T16:23:20","slug":"proyectos","status":"publish","type":"page","link":"https:\/\/www.jwproductions.tv\/es\/","title":{"rendered":"Proyectos"},"content":{"rendered":"\t\t<div data-elementor-type=\"wp-page\" data-elementor-id=\"10605\" class=\"elementor elementor-10605 elementor-9412\" data-elementor-post-type=\"page\">\n\t\t\t\t\t\t<section class=\"elementor-section elementor-top-section elementor-element elementor-element-b0138e2 elementor-section-full_width elementor-section-height-default elementor-section-height-default qodef-elementor-content-no\" data-id=\"b0138e2\" data-element_type=\"section\" data-e-type=\"section\">\n\t\t\t\t\t\t<div class=\"elementor-container elementor-column-gap-no\">\n\t\t\t\t\t<div class=\"elementor-column elementor-col-100 elementor-top-column elementor-element elementor-element-981f6b9\" data-id=\"981f6b9\" data-element_type=\"column\" data-e-type=\"column\">\n\t\t\t<div class=\"elementor-widget-wrap elementor-element-populated\">\n\t\t\t\t\t\t<div class=\"elementor-element elementor-element-493ec0c elementor-widget elementor-widget-coppola_core_portfolio_list\" data-id=\"493ec0c\" data-element_type=\"widget\" data-e-type=\"widget\" data-widget_type=\"coppola_core_portfolio_list.default\">\n\t\t\t\t<div class=\"elementor-widget-container\">\n\t\t\t\t\t<div class=\"qodef-shortcode qodef-m  qodef-portfolio-list qodef-item-layout--info-on-image qodef-item--hide-info     qodef--image-shadow-enabled qodef--noise-hover qodef--appear-reveal  qodef-grid qodef-layout--columns   qodef-gutter--small qodef-col-num--3 qodef-item-layout--info-on-image qodef--no-bottom-space qodef-pagination--off qodef-responsive--predefined\" data-options=\"{&quot;plugin&quot;:&quot;coppola_core&quot;,&quot;module&quot;:&quot;post-types\\\/portfolio\\\/shortcodes&quot;,&quot;shortcode&quot;:&quot;portfolio-list&quot;,&quot;post_type&quot;:&quot;portfolio-item&quot;,&quot;next_page&quot;:&quot;2&quot;,&quot;max_pages_num&quot;:1,&quot;behavior&quot;:&quot;columns&quot;,&quot;images_proportion&quot;:&quot;full&quot;,&quot;columns&quot;:&quot;3&quot;,&quot;columns_responsive&quot;:&quot;predefined&quot;,&quot;space&quot;:&quot;small&quot;,&quot;enable_image_shadow&quot;:&quot;yes&quot;,&quot;enable_noise&quot;:&quot;yes&quot;,&quot;enable_reveal&quot;:&quot;yes&quot;,&quot;posts_per_page&quot;:&quot;15&quot;,&quot;orderby&quot;:&quot;ID&quot;,&quot;order&quot;:&quot;DESC&quot;,&quot;additional_params&quot;:&quot;id&quot;,&quot;post_ids&quot;:&quot;10994, 11001, 10543, 10546, 10549, 10553, 10557, 10568, 10565, 10573, 10592, 10584, 10597, 10581, 10588, 10597&quot;,&quot;layout&quot;:&quot;info-on-image&quot;,&quot;hover_animation_info-below&quot;:&quot;overlay&quot;,&quot;hover_animation_info-follow&quot;:&quot;follow&quot;,&quot;hover_animation_info-on-hover&quot;:&quot;fade-in&quot;,&quot;title_tag&quot;:&quot;h6&quot;,&quot;hide_category&quot;:&quot;yes&quot;,&quot;hide_info&quot;:&quot;yes&quot;,&quot;hide_awards&quot;:&quot;yes&quot;,&quot;custom_margin&quot;:&quot;no&quot;,&quot;enable_gradient&quot;:&quot;no&quot;,&quot;is_related&quot;:&quot;false&quot;,&quot;pagination_type&quot;:&quot;no-pagination&quot;,&quot;object_class_name&quot;:&quot;CoppolaCore_Portfolio_List_Shortcode&quot;,&quot;taxonomy_filter&quot;:&quot;portfolio-category&quot;,&quot;additional_query_args&quot;:{&quot;orderby&quot;:&quot;post__in&quot;,&quot;post__in&quot;:[&quot;10994&quot;,&quot; 11001&quot;,&quot; 10543&quot;,&quot; 10546&quot;,&quot; 10549&quot;,&quot; 10553&quot;,&quot; 10557&quot;,&quot; 10568&quot;,&quot; 10565&quot;,&quot; 10573&quot;,&quot; 10592&quot;,&quot; 10584&quot;,&quot; 10597&quot;,&quot; 10581&quot;,&quot; 10588&quot;,&quot; 10597&quot;]},&quot;space_value&quot;:10}\">\n\t\t<div class=\"qodef-grid-inner clear\">\n\t\t<article class=\"qodef-e qodef-grid-item qodef-item--full post-10994 portfolio-item type-portfolio-item status-publish has-post-thumbnail hentry portfolio-category-serie-documental\">\n\t<div class=\"qodef-e-inner\" >\n\t\t\t<div class=\"qodef-video--on-hover\">\n\t\t<a itemprop=\"url\" href=\"https:\/\/www.jwproductions.tv\/es\/portfolio\/nazi-cartel\/\" target=\"_self\">\n\t\t\t\t\t\t\t<video loop=\"loop\" muted=\"muted\" playsinline>\n\t\t\t\t\t<source src=\"https:\/\/www.jwproductions.tv\/wp-content\/uploads\/2025\/11\/NAZI_CARTEL_251114.mp4\" type=\"video\/mp4\">\n\t\t\t\t<\/video>\n\t\t\t\t\t<\/a>\n\t<\/div>\n\t\t\t<div class=\"qodef-e-top-holder\">\n\t\t\t<div class=\"qodef-e-info\">\n\t\t\t\t\t\t\t<\/div>\n\t\t<\/div>\n\t\t<div class=\"qodef-e-content\">\n\t\t\t<div class=\"qodef-e-text\">\n\t\t\t\t<h6 itemprop=\"name\" class=\"qodef-e-title entry-title\" >\n\t<a itemprop=\"url\" class=\"qodef-e-title-link\" href=\"https:\/\/www.jwproductions.tv\/es\/portfolio\/nazi-cartel\/\" target=\"_self\">\n\t\tNazi Cartel\t<\/a>\n<\/h6>\n\t\t\t<\/div>\n\t\t\t\t\t<\/div>\n\t\t<a itemprop=\"url\" class=\"qodef-e-post-link\" href=\"https:\/\/www.jwproductions.tv\/es\/portfolio\/nazi-cartel\/\" target=\"_self\"><\/a>\n\t<\/div>\n<\/article>\n<article class=\"qodef-e qodef-grid-item qodef-item--full post-11001 portfolio-item type-portfolio-item status-publish has-post-thumbnail hentry portfolio-category-serie-documental\">\n\t<div class=\"qodef-e-inner\" >\n\t\t\t<div class=\"qodef-video--on-hover\">\n\t\t<a itemprop=\"url\" href=\"https:\/\/www.jwproductions.tv\/es\/portfolio\/kun-por-aguero\/\" target=\"_self\">\n\t\t\t\t\t\t\t<video loop=\"loop\" muted=\"muted\" playsinline>\n\t\t\t\t\t<source src=\"https:\/\/www.jwproductions.tv\/wp-content\/uploads\/2025\/11\/KUN_251114.mp4\" type=\"video\/mp4\">\n\t\t\t\t<\/video>\n\t\t\t\t\t<\/a>\n\t<\/div>\n\t\t\t<div class=\"qodef-e-top-holder\">\n\t\t\t<div class=\"qodef-e-info\">\n\t\t\t\t\t\t\t<\/div>\n\t\t<\/div>\n\t\t<div class=\"qodef-e-content\">\n\t\t\t<div class=\"qodef-e-text\">\n\t\t\t\t<h6 itemprop=\"name\" class=\"qodef-e-title entry-title\" >\n\t<a itemprop=\"url\" class=\"qodef-e-title-link\" href=\"https:\/\/www.jwproductions.tv\/es\/portfolio\/kun-por-aguero\/\" target=\"_self\">\n\t\tKun por Ag\u00fcero\t<\/a>\n<\/h6>\n\t\t\t<\/div>\n\t\t\t\t\t<\/div>\n\t\t<a itemprop=\"url\" class=\"qodef-e-post-link\" href=\"https:\/\/www.jwproductions.tv\/es\/portfolio\/kun-por-aguero\/\" target=\"_self\"><\/a>\n\t<\/div>\n<\/article>\n<article class=\"qodef-e qodef-grid-item qodef-item--full post-10543 portfolio-item type-portfolio-item status-publish has-post-thumbnail hentry portfolio-category-serie-documental\">\n\t<div class=\"qodef-e-inner\" >\n\t\t\t<div class=\"qodef-video--on-hover\">\n\t\t<a itemprop=\"url\" href=\"https:\/\/www.jwproductions.tv\/es\/portfolio\/lucrecia\/\" target=\"_self\">\n\t\t\t\t\t\t\t<video loop=\"loop\" muted=\"muted\" playsinline>\n\t\t\t\t\t<source src=\"https:\/\/www.jwproductions.tv\/wp-content\/uploads\/2024\/05\/LUCRECIA.mp4\" type=\"video\/mp4\">\n\t\t\t\t<\/video>\n\t\t\t\t\t<\/a>\n\t<\/div>\n\t\t\t<div class=\"qodef-e-top-holder\">\n\t\t\t<div class=\"qodef-e-info\">\n\t\t\t\t\t\t\t<\/div>\n\t\t<\/div>\n\t\t<div class=\"qodef-e-content\">\n\t\t\t<div class=\"qodef-e-text\">\n\t\t\t\t<h6 itemprop=\"name\" class=\"qodef-e-title entry-title\" >\n\t<a itemprop=\"url\" class=\"qodef-e-title-link\" href=\"https:\/\/www.jwproductions.tv\/es\/portfolio\/lucrecia\/\" target=\"_self\">\n\t\tLucrecia\t<\/a>\n<\/h6>\n\t\t\t<\/div>\n\t\t\t\t\t<\/div>\n\t\t<a itemprop=\"url\" class=\"qodef-e-post-link\" href=\"https:\/\/www.jwproductions.tv\/es\/portfolio\/lucrecia\/\" target=\"_self\"><\/a>\n\t<\/div>\n<\/article>\n<article class=\"qodef-e qodef-grid-item qodef-item--full post-10546 portfolio-item type-portfolio-item status-publish has-post-thumbnail hentry portfolio-category-serie-documental\">\n\t<div class=\"qodef-e-inner\" >\n\t\t\t<div class=\"qodef-video--on-hover\">\n\t\t<a itemprop=\"url\" href=\"https:\/\/www.jwproductions.tv\/es\/portfolio\/el-fichaje\/\" target=\"_self\">\n\t\t\t\t\t\t\t<video loop=\"loop\" muted=\"muted\" playsinline>\n\t\t\t\t\t<source src=\"https:\/\/www.jwproductions.tv\/wp-content\/uploads\/2024\/05\/FITXATGE_JWP_WEB_CLIP_446x250-2.mp4\" type=\"video\/mp4\">\n\t\t\t\t<\/video>\n\t\t\t\t\t<\/a>\n\t<\/div>\n\t\t\t<div class=\"qodef-e-top-holder\">\n\t\t\t<div class=\"qodef-e-info\">\n\t\t\t\t\t\t\t<\/div>\n\t\t<\/div>\n\t\t<div class=\"qodef-e-content\">\n\t\t\t<div class=\"qodef-e-text\">\n\t\t\t\t<h6 itemprop=\"name\" class=\"qodef-e-title entry-title\" >\n\t<a itemprop=\"url\" class=\"qodef-e-title-link\" href=\"https:\/\/www.jwproductions.tv\/es\/portfolio\/el-fichaje\/\" target=\"_self\">\n\t\tEl Fichaje\t<\/a>\n<\/h6>\n\t\t\t<\/div>\n\t\t\t\t\t<\/div>\n\t\t<a itemprop=\"url\" class=\"qodef-e-post-link\" href=\"https:\/\/www.jwproductions.tv\/es\/portfolio\/el-fichaje\/\" target=\"_self\"><\/a>\n\t<\/div>\n<\/article>\n<article class=\"qodef-e qodef-grid-item qodef-item--full post-10549 portfolio-item type-portfolio-item status-publish has-post-thumbnail hentry portfolio-category-serie-documental\">\n\t<div class=\"qodef-e-inner\" >\n\t\t\t<div class=\"qodef-video--on-hover\">\n\t\t<a itemprop=\"url\" href=\"https:\/\/www.jwproductions.tv\/es\/portfolio\/nisman\/\" target=\"_self\">\n\t\t\t\t\t\t\t<video loop=\"loop\" muted=\"muted\" playsinline>\n\t\t\t\t\t<source src=\"https:\/\/www.jwproductions.tv\/wp-content\/uploads\/2024\/05\/NISMAN.mp4\" type=\"video\/mp4\">\n\t\t\t\t<\/video>\n\t\t\t\t\t<\/a>\n\t<\/div>\n\t\t\t<div class=\"qodef-e-top-holder\">\n\t\t\t<div class=\"qodef-e-info\">\n\t\t\t\t\t\t\t<\/div>\n\t\t<\/div>\n\t\t<div class=\"qodef-e-content\">\n\t\t\t<div class=\"qodef-e-text\">\n\t\t\t\t<h6 itemprop=\"name\" class=\"qodef-e-title entry-title\" >\n\t<a itemprop=\"url\" class=\"qodef-e-title-link\" href=\"https:\/\/www.jwproductions.tv\/es\/portfolio\/nisman\/\" target=\"_self\">\n\t\tNisman\t<\/a>\n<\/h6>\n\t\t\t<\/div>\n\t\t\t\t\t<\/div>\n\t\t<a itemprop=\"url\" class=\"qodef-e-post-link\" href=\"https:\/\/www.jwproductions.tv\/es\/portfolio\/nisman\/\" target=\"_self\"><\/a>\n\t<\/div>\n<\/article>\n<article class=\"qodef-e qodef-grid-item qodef-item--full post-10553 portfolio-item type-portfolio-item status-publish has-post-thumbnail hentry portfolio-category-serie-documental\">\n\t<div class=\"qodef-e-inner\" >\n\t\t\t<div class=\"qodef-video--on-hover\">\n\t\t<a itemprop=\"url\" href=\"https:\/\/www.jwproductions.tv\/es\/portfolio\/muerte-en-leon\/\" target=\"_self\">\n\t\t\t\t\t\t\t<video loop=\"loop\" muted=\"muted\" playsinline>\n\t\t\t\t\t<source src=\"https:\/\/www.jwproductions.tv\/wp-content\/uploads\/2024\/05\/death-in-leon_1.mp4\" type=\"video\/mp4\">\n\t\t\t\t<\/video>\n\t\t\t\t\t<\/a>\n\t<\/div>\n\t\t\t<div class=\"qodef-e-top-holder\">\n\t\t\t<div class=\"qodef-e-info\">\n\t\t\t\t\t\t\t<\/div>\n\t\t<\/div>\n\t\t<div class=\"qodef-e-content\">\n\t\t\t<div class=\"qodef-e-text\">\n\t\t\t\t<h6 itemprop=\"name\" class=\"qodef-e-title entry-title\" >\n\t<a itemprop=\"url\" class=\"qodef-e-title-link\" href=\"https:\/\/www.jwproductions.tv\/es\/portfolio\/muerte-en-leon\/\" target=\"_self\">\n\t\tMuerte en Le\u00f3n\t<\/a>\n<\/h6>\n\t\t\t<\/div>\n\t\t\t\t\t<\/div>\n\t\t<a itemprop=\"url\" class=\"qodef-e-post-link\" href=\"https:\/\/www.jwproductions.tv\/es\/portfolio\/muerte-en-leon\/\" target=\"_self\"><\/a>\n\t<\/div>\n<\/article>\n<article class=\"qodef-e qodef-grid-item qodef-item--full post-10557 portfolio-item type-portfolio-item status-publish has-post-thumbnail hentry portfolio-category-serie-documental\">\n\t<div class=\"qodef-e-inner\" >\n\t\t\t<div class=\"qodef-video--on-hover\">\n\t\t<a itemprop=\"url\" href=\"https:\/\/www.jwproductions.tv\/es\/portfolio\/six-dreams\/\" target=\"_self\">\n\t\t\t\t\t\t\t<video loop=\"loop\" muted=\"muted\" playsinline>\n\t\t\t\t\t<source src=\"https:\/\/www.jwproductions.tv\/wp-content\/uploads\/2024\/05\/Copia-de-SIX-DREAMS_446x250.mp4\" type=\"video\/mp4\">\n\t\t\t\t<\/video>\n\t\t\t\t\t<\/a>\n\t<\/div>\n\t\t\t<div class=\"qodef-e-top-holder\">\n\t\t\t<div class=\"qodef-e-info\">\n\t\t\t\t\t\t\t<\/div>\n\t\t<\/div>\n\t\t<div class=\"qodef-e-content\">\n\t\t\t<div class=\"qodef-e-text\">\n\t\t\t\t<h6 itemprop=\"name\" class=\"qodef-e-title entry-title\" >\n\t<a itemprop=\"url\" class=\"qodef-e-title-link\" href=\"https:\/\/www.jwproductions.tv\/es\/portfolio\/six-dreams\/\" target=\"_self\">\n\t\tSix Dreams\t<\/a>\n<\/h6>\n\t\t\t<\/div>\n\t\t\t\t\t<\/div>\n\t\t<a itemprop=\"url\" class=\"qodef-e-post-link\" href=\"https:\/\/www.jwproductions.tv\/es\/portfolio\/six-dreams\/\" target=\"_self\"><\/a>\n\t<\/div>\n<\/article>\n<article class=\"qodef-e qodef-grid-item qodef-item--full post-10568 portfolio-item type-portfolio-item status-publish has-post-thumbnail hentry portfolio-category-serie-documental\">\n\t<div class=\"qodef-e-inner\" >\n\t\t\t<div class=\"qodef-video--on-hover\">\n\t\t<a itemprop=\"url\" href=\"https:\/\/www.jwproductions.tv\/es\/portfolio\/el-pionero\/\" target=\"_self\">\n\t\t\t\t\t\t\t<video loop=\"loop\" muted=\"muted\" playsinline>\n\t\t\t\t\t<source src=\"https:\/\/www.jwproductions.tv\/wp-content\/uploads\/2024\/05\/pionero-3.mp4\" type=\"video\/mp4\">\n\t\t\t\t<\/video>\n\t\t\t\t\t<\/a>\n\t<\/div>\n\t\t\t<div class=\"qodef-e-top-holder\">\n\t\t\t<div class=\"qodef-e-info\">\n\t\t\t\t\t\t\t<\/div>\n\t\t<\/div>\n\t\t<div class=\"qodef-e-content\">\n\t\t\t<div class=\"qodef-e-text\">\n\t\t\t\t<h6 itemprop=\"name\" class=\"qodef-e-title entry-title\" >\n\t<a itemprop=\"url\" class=\"qodef-e-title-link\" href=\"https:\/\/www.jwproductions.tv\/es\/portfolio\/el-pionero\/\" target=\"_self\">\n\t\tEl Pionero\t<\/a>\n<\/h6>\n\t\t\t<\/div>\n\t\t\t\t\t<\/div>\n\t\t<a itemprop=\"url\" class=\"qodef-e-post-link\" href=\"https:\/\/www.jwproductions.tv\/es\/portfolio\/el-pionero\/\" target=\"_self\"><\/a>\n\t<\/div>\n<\/article>\n<article class=\"qodef-e qodef-grid-item qodef-item--full post-10565 portfolio-item type-portfolio-item status-publish has-post-thumbnail hentry portfolio-category-largometraje-documental\">\n\t<div class=\"qodef-e-inner\" >\n\t\t\t<div class=\"qodef-video--on-hover\">\n\t\t<a itemprop=\"url\" href=\"https:\/\/www.jwproductions.tv\/es\/portfolio\/sere-asesinado\/\" target=\"_self\">\n\t\t\t\t\t\t\t<video loop=\"loop\" muted=\"muted\" playsinline>\n\t\t\t\t\t<source src=\"https:\/\/www.jwproductions.tv\/wp-content\/uploads\/2024\/05\/IWBMmp4.mp4\" type=\"video\/mp4\">\n\t\t\t\t<\/video>\n\t\t\t\t\t<\/a>\n\t<\/div>\n\t\t\t<div class=\"qodef-e-top-holder\">\n\t\t\t<div class=\"qodef-e-info\">\n\t\t\t\t\t\t\t<\/div>\n\t\t<\/div>\n\t\t<div class=\"qodef-e-content\">\n\t\t\t<div class=\"qodef-e-text\">\n\t\t\t\t<h6 itemprop=\"name\" class=\"qodef-e-title entry-title\" >\n\t<a itemprop=\"url\" class=\"qodef-e-title-link\" href=\"https:\/\/www.jwproductions.tv\/es\/portfolio\/sere-asesinado\/\" target=\"_self\">\n\t\tSer\u00e9 asesinado\t<\/a>\n<\/h6>\n\t\t\t<\/div>\n\t\t\t\t\t<\/div>\n\t\t<a itemprop=\"url\" class=\"qodef-e-post-link\" href=\"https:\/\/www.jwproductions.tv\/es\/portfolio\/sere-asesinado\/\" target=\"_self\"><\/a>\n\t<\/div>\n<\/article>\n<article class=\"qodef-e qodef-grid-item qodef-item--full post-10573 portfolio-item type-portfolio-item status-publish has-post-thumbnail hentry portfolio-category-largometraje-documental\">\n\t<div class=\"qodef-e-inner\" >\n\t\t\t<div class=\"qodef-video--on-hover\">\n\t\t<a itemprop=\"url\" href=\"https:\/\/www.jwproductions.tv\/es\/portfolio\/barcelona-confidencial\/\" target=\"_self\">\n\t\t\t\t\t\t\t<video loop=\"loop\" muted=\"muted\" playsinline>\n\t\t\t\t\t<source src=\"https:\/\/www.jwproductions.tv\/wp-content\/uploads\/2025\/11\/BARCA_CONFIDENTIAL_251110.mp4\" type=\"video\/mp4\">\n\t\t\t\t<\/video>\n\t\t\t\t\t<\/a>\n\t<\/div>\n\t\t\t<div class=\"qodef-e-top-holder\">\n\t\t\t<div class=\"qodef-e-info\">\n\t\t\t\t\t\t\t<\/div>\n\t\t<\/div>\n\t\t<div class=\"qodef-e-content\">\n\t\t\t<div class=\"qodef-e-text\">\n\t\t\t\t<h6 itemprop=\"name\" class=\"qodef-e-title entry-title\" >\n\t<a itemprop=\"url\" class=\"qodef-e-title-link\" href=\"https:\/\/www.jwproductions.tv\/es\/portfolio\/barcelona-confidencial\/\" target=\"_self\">\n\t\tF.C. Barcelona Confidencial\t<\/a>\n<\/h6>\n\t\t\t<\/div>\n\t\t\t\t\t<\/div>\n\t\t<a itemprop=\"url\" class=\"qodef-e-post-link\" href=\"https:\/\/www.jwproductions.tv\/es\/portfolio\/barcelona-confidencial\/\" target=\"_self\"><\/a>\n\t<\/div>\n<\/article>\n<article class=\"qodef-e qodef-grid-item qodef-item--full post-10592 portfolio-item type-portfolio-item status-publish has-post-thumbnail hentry portfolio-category-largometraje-documental\">\n\t<div class=\"qodef-e-inner\" >\n\t\t\t<div class=\"qodef-video--on-hover\">\n\t\t<a itemprop=\"url\" href=\"https:\/\/www.jwproductions.tv\/es\/portfolio\/conexion-madrid\/\" target=\"_self\">\n\t\t\t\t\t\t\t<video loop=\"loop\" muted=\"muted\" playsinline>\n\t\t\t\t\t<source src=\"https:\/\/www.jwproductions.tv\/wp-content\/uploads\/2024\/05\/Madrid_Conexion-1.mp4\" type=\"video\/mp4\">\n\t\t\t\t<\/video>\n\t\t\t\t\t<\/a>\n\t<\/div>\n\t\t\t<div class=\"qodef-e-top-holder\">\n\t\t\t<div class=\"qodef-e-info\">\n\t\t\t\t\t\t\t<\/div>\n\t\t<\/div>\n\t\t<div class=\"qodef-e-content\">\n\t\t\t<div class=\"qodef-e-text\">\n\t\t\t\t<h6 itemprop=\"name\" class=\"qodef-e-title entry-title\" >\n\t<a itemprop=\"url\" class=\"qodef-e-title-link\" href=\"https:\/\/www.jwproductions.tv\/es\/portfolio\/conexion-madrid\/\" target=\"_self\">\n\t\tConexi\u00f3n Madrid\t<\/a>\n<\/h6>\n\t\t\t<\/div>\n\t\t\t\t\t<\/div>\n\t\t<a itemprop=\"url\" class=\"qodef-e-post-link\" href=\"https:\/\/www.jwproductions.tv\/es\/portfolio\/conexion-madrid\/\" target=\"_self\"><\/a>\n\t<\/div>\n<\/article>\n<article class=\"qodef-e qodef-grid-item qodef-item--full post-10584 portfolio-item type-portfolio-item status-publish has-post-thumbnail hentry portfolio-category-largometraje-documental\">\n\t<div class=\"qodef-e-inner\" >\n\t\t\t<div class=\"qodef-video--on-hover\">\n\t\t<a itemprop=\"url\" href=\"https:\/\/www.jwproductions.tv\/es\/portfolio\/el-fin-de-eta\/\" target=\"_self\">\n\t\t\t\t\t\t\t<video loop=\"loop\" muted=\"muted\" playsinline>\n\t\t\t\t\t<source src=\"https:\/\/www.jwproductions.tv\/wp-content\/uploads\/2025\/11\/FIN_DE_ETA_251110.mp4\" type=\"video\/mp4\">\n\t\t\t\t<\/video>\n\t\t\t\t\t<\/a>\n\t<\/div>\n\t\t\t<div class=\"qodef-e-top-holder\">\n\t\t\t<div class=\"qodef-e-info\">\n\t\t\t\t\t\t\t<\/div>\n\t\t<\/div>\n\t\t<div class=\"qodef-e-content\">\n\t\t\t<div class=\"qodef-e-text\">\n\t\t\t\t<h6 itemprop=\"name\" class=\"qodef-e-title entry-title\" >\n\t<a itemprop=\"url\" class=\"qodef-e-title-link\" href=\"https:\/\/www.jwproductions.tv\/es\/portfolio\/el-fin-de-eta\/\" target=\"_self\">\n\t\tEl fin de ETA\t<\/a>\n<\/h6>\n\t\t\t<\/div>\n\t\t\t\t\t<\/div>\n\t\t<a itemprop=\"url\" class=\"qodef-e-post-link\" href=\"https:\/\/www.jwproductions.tv\/es\/portfolio\/el-fin-de-eta\/\" target=\"_self\"><\/a>\n\t<\/div>\n<\/article>\n<article class=\"qodef-e qodef-grid-item qodef-item--full post-10597 portfolio-item type-portfolio-item status-publish has-post-thumbnail hentry portfolio-category-largometraje-documental\">\n\t<div class=\"qodef-e-inner\" >\n\t\t\t<div class=\"qodef-video--on-hover\">\n\t\t<a itemprop=\"url\" href=\"https:\/\/www.jwproductions.tv\/es\/portfolio\/convict-the-judge\/\" target=\"_self\">\n\t\t\t\t\t\t\t<video loop=\"loop\" muted=\"muted\" playsinline>\n\t\t\t\t\t<source src=\"https:\/\/www.jwproductions.tv\/wp-content\/uploads\/2024\/05\/JUICIO-AL-JUEZ-1.2-3-segundos.mp4\" type=\"video\/mp4\">\n\t\t\t\t<\/video>\n\t\t\t\t\t<\/a>\n\t<\/div>\n\t\t\t<div class=\"qodef-e-top-holder\">\n\t\t\t<div class=\"qodef-e-info\">\n\t\t\t\t\t\t\t<\/div>\n\t\t<\/div>\n\t\t<div class=\"qodef-e-content\">\n\t\t\t<div class=\"qodef-e-text\">\n\t\t\t\t<h6 itemprop=\"name\" class=\"qodef-e-title entry-title\" >\n\t<a itemprop=\"url\" class=\"qodef-e-title-link\" href=\"https:\/\/www.jwproductions.tv\/es\/portfolio\/convict-the-judge\/\" target=\"_self\">\n\t\tConvict the judge\t<\/a>\n<\/h6>\n\t\t\t<\/div>\n\t\t\t\t\t<\/div>\n\t\t<a itemprop=\"url\" class=\"qodef-e-post-link\" href=\"https:\/\/www.jwproductions.tv\/es\/portfolio\/convict-the-judge\/\" target=\"_self\"><\/a>\n\t<\/div>\n<\/article>\n<article class=\"qodef-e qodef-grid-item qodef-item--full post-10581 portfolio-item type-portfolio-item status-publish has-post-thumbnail hentry portfolio-category-largometraje-documental\">\n\t<div class=\"qodef-e-inner\" >\n\t\t\t<div class=\"qodef-video--on-hover\">\n\t\t<a itemprop=\"url\" href=\"https:\/\/www.jwproductions.tv\/es\/portfolio\/gabo\/\" target=\"_self\">\n\t\t\t\t\t\t\t<video loop=\"loop\" muted=\"muted\" playsinline>\n\t\t\t\t\t<source src=\"https:\/\/www.jwproductions.tv\/wp-content\/uploads\/2024\/05\/gabo-opcion-2.mp4\" type=\"video\/mp4\">\n\t\t\t\t<\/video>\n\t\t\t\t\t<\/a>\n\t<\/div>\n\t\t\t<div class=\"qodef-e-top-holder\">\n\t\t\t<div class=\"qodef-e-info\">\n\t\t\t\t\t\t\t<\/div>\n\t\t<\/div>\n\t\t<div class=\"qodef-e-content\">\n\t\t\t<div class=\"qodef-e-text\">\n\t\t\t\t<h6 itemprop=\"name\" class=\"qodef-e-title entry-title\" >\n\t<a itemprop=\"url\" class=\"qodef-e-title-link\" href=\"https:\/\/www.jwproductions.tv\/es\/portfolio\/gabo\/\" target=\"_self\">\n\t\tGabo\t<\/a>\n<\/h6>\n\t\t\t<\/div>\n\t\t\t\t\t<\/div>\n\t\t<a itemprop=\"url\" class=\"qodef-e-post-link\" href=\"https:\/\/www.jwproductions.tv\/es\/portfolio\/gabo\/\" target=\"_self\"><\/a>\n\t<\/div>\n<\/article>\n<article class=\"qodef-e qodef-grid-item qodef-item--full post-10588 portfolio-item type-portfolio-item status-publish has-post-thumbnail hentry portfolio-category-largometraje-documental\">\n\t<div class=\"qodef-e-inner\" >\n\t\t\t<div class=\"qodef-video--on-hover\">\n\t\t<a itemprop=\"url\" href=\"https:\/\/www.jwproductions.tv\/es\/portfolio\/last-white-man-standing\/\" target=\"_self\">\n\t\t\t\t\t\t\t<video loop=\"loop\" muted=\"muted\" playsinline>\n\t\t\t\t\t<source src=\"https:\/\/www.jwproductions.tv\/wp-content\/uploads\/2024\/05\/last-white-man-1.2-sin-movimiento-de-camara-1.mp4\" type=\"video\/mp4\">\n\t\t\t\t<\/video>\n\t\t\t\t\t<\/a>\n\t<\/div>\n\t\t\t<div class=\"qodef-e-top-holder\">\n\t\t\t<div class=\"qodef-e-info\">\n\t\t\t\t\t\t\t<\/div>\n\t\t<\/div>\n\t\t<div class=\"qodef-e-content\">\n\t\t\t<div class=\"qodef-e-text\">\n\t\t\t\t<h6 itemprop=\"name\" class=\"qodef-e-title entry-title\" >\n\t<a itemprop=\"url\" class=\"qodef-e-title-link\" href=\"https:\/\/www.jwproductions.tv\/es\/portfolio\/last-white-man-standing\/\" target=\"_self\">\n\t\tLast White Man Standing\t<\/a>\n<\/h6>\n\t\t\t<\/div>\n\t\t\t\t\t<\/div>\n\t\t<a itemprop=\"url\" class=\"qodef-e-post-link\" href=\"https:\/\/www.jwproductions.tv\/es\/portfolio\/last-white-man-standing\/\" target=\"_self\"><\/a>\n\t<\/div>\n<\/article>\n\t<\/div>\n\t<\/div>\n\t\t\t\t<\/div>\n\t\t\t\t<\/div>\n\t\t\t\t\t<\/div>\n\t\t<\/div>\n\t\t\t\t\t<\/div>\n\t\t<\/section>\n\t\t\t\t<\/div>\n\t\t","protected":false},"excerpt":{"rendered":"<p>Nazi Cartel Kun por Ag\u00fcero Lucrecia El Fichaje Nisman Muerte en Le\u00f3n Six Dreams El Pionero Ser\u00e9 asesinado F.C. Barcelona Confidencial Conexi\u00f3n Madrid El fin de ETA Convict the judge Gabo Last White Man Standing<\/p>\n","protected":false},"author":1,"featured_media":0,"parent":0,"menu_order":0,"comment_status":"closed","ping_status":"closed","template":"page-full-width.php","meta":{"footnotes":""},"class_list":["post-10605","page","type-page","status-publish","hentry"],"_links":{"self":[{"href":"https:\/\/www.jwproductions.tv\/es\/wp-json\/wp\/v2\/pages\/10605","targetHints":{"allow":["GET"]}}],"collection":[{"href":"https:\/\/www.jwproductions.tv\/es\/wp-json\/wp\/v2\/pages"}],"about":[{"href":"https:\/\/www.jwproductions.tv\/es\/wp-json\/wp\/v2\/types\/page"}],"author":[{"embeddable":true,"href":"https:\/\/www.jwproductions.tv\/es\/wp-json\/wp\/v2\/users\/1"}],"replies":[{"embeddable":true,"href":"https:\/\/www.jwproductions.tv\/es\/wp-json\/wp\/v2\/comments?post=10605"}],"version-history":[{"count":3,"href":"https:\/\/www.jwproductions.tv\/es\/wp-json\/wp\/v2\/pages\/10605\/revisions"}],"predecessor-version":[{"id":11029,"href":"https:\/\/www.jwproductions.tv\/es\/wp-json\/wp\/v2\/pages\/10605\/revisions\/11029"}],"wp:attachment":[{"href":"https:\/\/www.jwproductions.tv\/es\/wp-json\/wp\/v2\/media?parent=10605"}],"curies":[{"name":"wp","href":"https:\/\/api.w.org\/{rel}","templated":true}]}}