{"id":4341,"date":"2023-02-23T08:51:36","date_gmt":"2023-02-23T08:51:36","guid":{"rendered":"https:\/\/www.jwproductions.tv\/?page_id=4341"},"modified":"2023-02-23T11:12:09","modified_gmt":"2023-02-23T11:12:09","slug":"politica-de-privacidad","status":"publish","type":"page","link":"https:\/\/www.jwproductions.tv\/es\/politica-de-privacidad\/","title":{"rendered":"Pol\u00edtica de Privacidad"},"content":{"rendered":"\n<p>JW Productions respeta y protege la privacidad de los datos personales de sus usuarios y de terceros que acceden a nuestra p\u00e1gina web. Para nosotros garantizar la seguridad y confidencialidad de sus datos es una prioridad, queremos que est\u00e9 informado de todos aquellos aspectos que le puedan afectar: POR FAVOR lea esta pol\u00edtica de privacidad antes de visitar nuestra p\u00e1gina, y ante cualquier duda nos encontrar\u00e1 en info@jwproductions.tv<\/p>\n\n\n\n<p><strong>Informaci\u00f3n b\u00e1sica sobre el tratamiento de sus datos<\/strong><\/p>\n\n\n\n<p>A continuaci\u00f3n, le detallamos en una primera fase los aspectos b\u00e1sicos relativos al tratamiento de datos personales:<\/p>\n\n\n\n<div class=\"wp-block-columns is-layout-flex wp-container-core-columns-is-layout-9d6595d7 wp-block-columns-is-layout-flex\">\n<div class=\"wp-block-column is-layout-flow wp-block-column-is-layout-flow\">\n<p><strong>Responsable del tratamiento JW Productions<br><\/strong>Gran Via de les Corts Catalanes 690, Principal 1\u00aa<br>08010 Barcelona<br>CIF B64065717<\/p>\n\n\n\n<p><br><strong>Finalidades principales del tratamiento<\/strong><\/p>\n\n\n\n<p> -Ofrecerle informaci\u00f3n de nuestros productos y servicios.<br>-Atender consultas.<\/p>\n\n\n\n<p><br><strong>Bases Legitimadoras del tratamiento <\/strong><\/p>\n\n\n\n<p>-Ejecuci\u00f3n del contrato de prestaci\u00f3n de servicios.<br>-Consentimiento expreso.-Inter\u00e9s leg\u00edtimo.<\/p>\n\n\n\n<p><br><strong>Destinatarios principales <\/strong><\/p>\n\n\n\n<p>\u2013 jwproductions.tv usuarios finales y empresas auxiliares para la prestaci\u00f3n de los servicios descritos.<\/p>\n\n\n\n<p><strong>Derechos <\/strong><\/p>\n\n\n\n<p>-Acceso, rectificaci\u00f3n, cancelaci\u00f3n, oposici\u00f3n y portabilidad.<br>-Revocaci\u00f3n del consentimiento prestado.<\/p>\n\n\n\n<p><br><strong>Procedencia<\/strong><\/p>\n\n\n\n<p>-Facilitados por su titular.<br>-Facilitados por su navegaci\u00f3n en nuestra plataforma (internet).<\/p>\n\n\n\n<p><br><strong>Transferencias Internacionales de Datos<\/strong><\/p>\n\n\n\n<p> -No previstas<\/p>\n\n\n\n<p><br><strong>Delegado protecci\u00f3n de Datos<\/strong><\/p>\n\n\n\n<p> -No procede<\/p>\n<\/div>\n<\/div>\n\n\n\n<p><strong>Ampliaci\u00f3n de informaci\u00f3n b\u00e1sica del responsable del tratamiento<\/strong><\/p>\n\n\n\n<p>JW Productions est\u00e1 domiciliada en <strong>Gran Via de les Corts Catalanes 690, Principal 1\u00aa<\/strong> <strong>08010 Barcelona.<\/strong> Para cualquier comentario y\/o incidencia relativa a esta pol\u00edtica de privacidad puede contactar con nuestra empresa mediante mail dirigido al correo&nbsp;info@jwproductions.tv en horario de atenci\u00f3n al p\u00fablico.<\/p>\n\n\n\n<p><strong>Categor\u00edas de datos que tratamos<\/strong><\/p>\n\n\n\n<p>Por lo tanto, cuando usted se registre en blunion.com vamos a pedirle y recoger \u00fanicamente aquellos datos que sean necesarios para atender las finalidades de tratamiento y que son:<\/p>\n\n\n\n<p><strong>Datos de identificaci\u00f3n<\/strong>: Nombre y apellidos, tel\u00e9fono, direcci\u00f3n de correo electr\u00f3nico, y aquellos que en cada caso concreto sean necesarios para la prestaci\u00f3n de los servicios.<\/p>\n\n\n\n<p><strong>\u00bfCon qu\u00e9 fines tratamos sus datos?<\/strong><\/p>\n\n\n\n<p>JW Productions trata los datos por usted facilitados para garantizar la correcta gesti\u00f3n de los servicios proporcionados a trav\u00e9s de nuestra web <a href=\"https:\/\/www.jwproductions.tv\/es\/\">jwproductions.tv<\/a><\/p>\n\n\n\n<p>Tambi\u00e9n queremos mantenerle informado en todo momento de nuestros productos y servicios, siempre y cuando usted nos autorice para ello. Le informamos que siempre podr\u00e1 retirarnos el consentimiento prestado, contactando con nosotros en&nbsp;info@jwproductions.tv<\/p>\n\n\n\n<p><strong>Bases legitimadoras para el tratamiento de sus datos<\/strong><\/p>\n\n\n\n<p>Para el alta y registro del usuario en la plataforma de JW Productions la base legitimadora es el consentimiento del interesado que se solicita en cada caso. Para la remisi\u00f3n de informaci\u00f3n de car\u00e1cter comercial y\/o promocional de nuestros servicios o de empresas afines la base legitimadora es el inter\u00e9s leg\u00edtimo de la empresa para llevar a cabo dichos tratamientos de acuerdo con la normativa vigente.<\/p>\n\n\n\n<p><strong>Destinatarios de los datos<\/strong><\/p>\n\n\n\n<p>JW Productions no comunica ni cede sus datos a terceros excepto a empresas auxiliares para la prestaci\u00f3n de los servicios descritos.<\/p>\n\n\n\n<p><strong>Plazo de conservaci\u00f3n de los datos<\/strong><\/p>\n\n\n\n<p>JW Productions le informa que sus datos personales ser\u00e1n conservados durante el tiempo estrictamente necesario para las finalidades del tratamiento para cuyo uso hayan sido proporcionados, siempre que el Usuario no haya revocado su consentimiento y, en todo caso, siguiendo como criterio el principio de minimizaci\u00f3n de datos contemplado en la normativa aplicable.<\/p>\n\n\n\n<p>En consecuencia, cuando su uso no sea necesario, los datos personales ser\u00e1n bloqueados quedando s\u00f3lo a disposici\u00f3n de las autoridades competentes durante el tiempo y a los efectos legales establecidos en la normativa aplicable. Transcurrido este plazo se proceder\u00e1 a la eliminaci\u00f3n de estos.<\/p>\n\n\n\n<p><strong>Derechos que le asisten<\/strong><\/p>\n\n\n\n<p>Para el ejercicio de sus derechos debe dirigirse al responsable del Tratamiento seg\u00fan datos punto 1. Se trata de un procedimiento gratuito y debe ir acompa\u00f1ado siempre de documento acreditativo de su identidad.<\/p>\n\n\n\n<p><strong>\u00bfQu\u00e9 medidas de seguridad implantamos para cuidar sus datos?<\/strong><\/p>\n\n\n\n<p>JW Productions tratar\u00e1 los datos en todo momento de forma absolutamente confidencial y guardando el preceptivo deber de secreto respecto de los mismos, de conformidad con lo previsto en la normativa de aplicaci\u00f3n, adoptando al efecto las medidas de \u00edndole t\u00e9cnica y organizativas necesarias que garanticen la seguridad de sus datos y eviten su alteraci\u00f3n, p\u00e9rdida, tratamiento o acceso no autorizado, habida cuenta del estado de la tecnolog\u00eda, la naturaleza de los datos almacenados y los riesgos a que est\u00e1n expuestos.<\/p>\n\n\n\n<p>En particular, adoptar\u00e1 las pertinentes y obligatorias medidas establecidas en la normativa de Protecci\u00f3n de Datos de car\u00e1cter personal, en particular:<\/p>\n\n\n\n<ul class=\"wp-block-list\">\n<li>Funciones y obligaciones de personal<\/li>\n\n\n\n<li>Registro de eventos<\/li>\n\n\n\n<li>Gesti\u00f3n de soportes y documentos<\/li>\n\n\n\n<li>Control de Acceso<\/li>\n\n\n\n<li>Identificaci\u00f3n y autenticaci\u00f3n<\/li>\n\n\n\n<li>Copia de seguridad y recuperaci\u00f3n<\/li>\n<\/ul>\n\n\n\n<p>Sin embargo, en otros casos, JW Productions adoptar\u00e1 las medidas necesarias y obligatorias de acuerdo con las normativas locales.<\/p>\n\n\n\n<p>La documentaci\u00f3n estar\u00e1 disponible a petici\u00f3n del Usuario o Cliente.<\/p>\n\n\n\n<p><strong>Cambios en la pol\u00edtica de privacidad<\/strong><\/p>\n\n\n\n<p>JW Productions se reserva el derecho a modificar la presente pol\u00edtica de privacidad a fin de adaptarla a las novedades legislativas que fueran procedentes. En dichos supuestos, anunciar\u00e1 en el Sitio Web los cambios introducidos con una antelaci\u00f3n razonable a la de su puesta en pr\u00e1ctica.<\/p>\n\n\n\n<p>\u00daltima actualizaci\u00f3n: 20 de febrero de 2023<\/p>\n\n\n\n<p>\u00a9 2023 JW Productions Todos los derechos reservados<\/p>\n","protected":false},"excerpt":{"rendered":"<p>JW Productions respeta y protege la privacidad de los datos personales de sus usuarios y de terceros que acceden a nuestra p\u00e1gina web. Para nosotros garantizar la seguridad y confidencialidad de sus datos es una prioridad, queremos que est\u00e9 informado de todos aquellos aspectos que le puedan afectar: POR FAVOR lea esta pol\u00edtica de privacidad [&hellip;]<\/p>\n","protected":false},"author":1,"featured_media":0,"parent":0,"menu_order":0,"comment_status":"closed","ping_status":"closed","template":"","meta":{"footnotes":""},"class_list":["post-4341","page","type-page","status-publish","hentry"],"_links":{"self":[{"href":"https:\/\/www.jwproductions.tv\/es\/wp-json\/wp\/v2\/pages\/4341","targetHints":{"allow":["GET"]}}],"collection":[{"href":"https:\/\/www.jwproductions.tv\/es\/wp-json\/wp\/v2\/pages"}],"about":[{"href":"https:\/\/www.jwproductions.tv\/es\/wp-json\/wp\/v2\/types\/page"}],"author":[{"embeddable":true,"href":"https:\/\/www.jwproductions.tv\/es\/wp-json\/wp\/v2\/users\/1"}],"replies":[{"embeddable":true,"href":"https:\/\/www.jwproductions.tv\/es\/wp-json\/wp\/v2\/comments?post=4341"}],"version-history":[{"count":0,"href":"https:\/\/www.jwproductions.tv\/es\/wp-json\/wp\/v2\/pages\/4341\/revisions"}],"wp:attachment":[{"href":"https:\/\/www.jwproductions.tv\/es\/wp-json\/wp\/v2\/media?parent=4341"}],"curies":[{"name":"wp","href":"https:\/\/api.w.org\/{rel}","templated":true}]}}